{"id":2,"date":"2009-11-19T15:41:15","date_gmt":"2009-11-19T14:41:15","guid":{"rendered":"http:\/\/michelboetsch.com\/boetsch\/?page_id=2"},"modified":"2011-03-24T14:16:32","modified_gmt":"2011-03-24T13:16:32","slug":"a-propos","status":"publish","type":"page","link":"https:\/\/michelboetsch.com\/boetsch\/a-propos\/","title":{"rendered":"\u00c0 propos"},"content":{"rendered":"<p>Bienvenue sur le site de Michel BOETSCH, artiste plasticien.<\/p>\n<p><strong><span style=\"font-size: large;\">Temp\u00eate sous un cr\u00e2ne<\/span><\/strong><br \/>\n<a href=\"http:\/\/michelboetsch.com\/boetsch\/wp-content\/uploads\/2009\/11\/portraits-3-e1300972437879.jpg\"><img loading=\"lazy\" class=\"alignright size-full wp-image-1124\" title=\"portraits 3\" src=\"http:\/\/michelboetsch.com\/boetsch\/wp-content\/uploads\/2009\/11\/portraits-3-e1300972437879.jpg\" alt=\"\" width=\"301\" height=\"400\" \/><\/a><\/p>\n<p>Dress\u00e9s et entrav\u00e9s dans leur gangue rigide, brute, les Oishommes imposent leur silhouette improbable avec une morgue qui souligne leur \u00e9vidente identit\u00e9 de s\u00e9maphores humains. Debouts, oui, par un miracle d\u2019\u00e9quilibriste, le bec comme un promontoire, tant\u00f4t conqu\u00e9rant, parfois d\u00e9sabus\u00e9, toujours intens\u00e9ment pr\u00e9sent. Un bec sans aucune illusion, qui crie et qui impose, qui exprime dans toute sa singularit\u00e9 l\u2019enfermement et la contention de corps d\u00e9sarticul\u00e9s, desquels on ne sait plus distinguer le volatile aux pattes fines de l\u2019homme aux \u00e9paules marqu\u00e9es.<\/p>\n<p>Parfois, l\u2019Oishomme se contorsionne pour plier son squelette rigide, et il s\u2019assied. Tel un pr\u00e9sage funeste, ou une pens\u00e9e profonde, il trouve refuge sur une \u00eele \u2013 un cr\u00e2ne \u2013 et y m\u00e8ne des conversations secr\u00e8tes avec d\u2019autres cong\u00e9n\u00e8res. C\u2019est alors une cacophonie silencieuse qui envahit l\u2019espace, un moment d\u2019\u00e9garement ou de cogitation : dos \u00e0 dos, les Oishommes imaginent, dessinent, projettent, questionnent. Temp\u00eate sous un cr\u00e2ne, non, vent salvateur dessus, car de ces formes ligot\u00e9es \u00e9mane une libert\u00e9 toute singuli\u00e8re.<\/p>\n<p>Alors, un peu oiseaux et beaucoup hommes, ces cr\u00e9atures qui cherchent la lumi\u00e8re ne tombent pas dans le pi\u00e8ge \u00e9vident d\u2019une repr\u00e9sentation simpliste de la condition humaine. Les Oishommes racontent ce que nous voulons bien entendre. Lignes \u00e9pur\u00e9es tutoyant les nuages, elles sont un point d\u2019interrogation en route vers l\u2019infini.<\/p>\n<p style=\"text-align: right;\">Nathalie Ewert<\/p>\n","protected":false},"excerpt":{"rendered":"<p>Bienvenue sur le site de Michel BOETSCH, artiste plasticien. Temp\u00eate sous un cr\u00e2ne Dress\u00e9s et entrav\u00e9s dans leur gangue rigide, brute, les Oishommes imposent leur silhouette improbable avec une morgue qui souligne leur \u00e9vidente identit\u00e9 de s\u00e9maphores humains. Debouts, oui, par un miracle d\u2019\u00e9quilibriste, le bec comme un promontoire, tant\u00f4t conqu\u00e9rant, parfois d\u00e9sabus\u00e9, toujours intens\u00e9ment [&hellip;]<\/p>\n","protected":false},"author":1,"featured_media":0,"parent":0,"menu_order":0,"comment_status":"open","ping_status":"open","template":"","meta":[],"_links":{"self":[{"href":"https:\/\/michelboetsch.com\/boetsch\/wp-json\/wp\/v2\/pages\/2"}],"collection":[{"href":"https:\/\/michelboetsch.com\/boetsch\/wp-json\/wp\/v2\/pages"}],"about":[{"href":"https:\/\/michelboetsch.com\/boetsch\/wp-json\/wp\/v2\/types\/page"}],"author":[{"embeddable":true,"href":"https:\/\/michelboetsch.com\/boetsch\/wp-json\/wp\/v2\/users\/1"}],"replies":[{"embeddable":true,"href":"https:\/\/michelboetsch.com\/boetsch\/wp-json\/wp\/v2\/comments?post=2"}],"version-history":[{"count":10,"href":"https:\/\/michelboetsch.com\/boetsch\/wp-json\/wp\/v2\/pages\/2\/revisions"}],"predecessor-version":[{"id":1129,"href":"https:\/\/michelboetsch.com\/boetsch\/wp-json\/wp\/v2\/pages\/2\/revisions\/1129"}],"wp:attachment":[{"href":"https:\/\/michelboetsch.com\/boetsch\/wp-json\/wp\/v2\/media?parent=2"}],"curies":[{"name":"wp","href":"https:\/\/api.w.org\/{rel}","templated":true}]}}