{"id":1109,"date":"2011-03-23T08:18:21","date_gmt":"2011-03-23T07:18:21","guid":{"rendered":"http:\/\/michelboetsch.com\/boetsch\/?page_id=1109"},"modified":"2011-03-23T08:18:21","modified_gmt":"2011-03-23T07:18:21","slug":"contact","status":"publish","type":"page","link":"http:\/\/michelboetsch.com\/boetsch\/contact\/","title":{"rendered":"Contact"},"content":{"rendered":"\n<p>Vos commentaires ou questions sont bienvenues.<\/p>\r\n<!-- Fast Secure Contact Form plugin 2.9.8.5 - begin - http:\/\/www.FastSecureContactForm.com -->\r\n<a name=\"FSContact1\" id=\"FSContact1\"><\/a>\r\n<div style=\"width:375px;\">\r\n\r\n<form action=\"http:\/\/michelboetsch.com\/boetsch\/wp-json\/wp\/v2\/pages\/1109#FSContact1\" id=\"si_contact_form1\" method=\"post\">\r\n<div style=\"text-align:left;\">\n<span class=\"required\"> *<\/span>(indique champ requis)\r\n   <\/div>\r\n\r\n         <div>\r\n               <input type=\"hidden\" name=\"si_contact_CID\" value=\"1\" \/>\r\n        <\/div>\r\n\r\n        <div style=\"text-align:left; padding-top:5px;\">\r\n                <label for=\"si_contact_name1\">Nom:<span class=\"required\"> *<\/span><\/label>\r\n        <\/div>\r\n        <div style=\"text-align:left;\">\r\n                <input style=\"text-align:left; margin:0;\" type=\"text\" id=\"si_contact_name1\" name=\"si_contact_name\" value=\"\"  size=\"40\" \/>\r\n        <\/div>\r\n\r\n        <div style=\"text-align:left; padding-top:5px;\">\r\n                <label for=\"si_contact_email1\">Adresse courriel:<span class=\"required\"> *<\/span><\/label>\r\n        <\/div>\r\n        <div style=\"text-align:left;\">\r\n                <input style=\"text-align:left; margin:0;\" type=\"text\" id=\"si_contact_email1\" name=\"si_contact_email\" value=\"\"  size=\"40\" \/>\r\n        <\/div>\r\n\r\n        <div style=\"text-align:left; padding-top:5px;\">\r\n                <label for=\"si_contact_subject1\">Sujet:<span class=\"required\"> *<\/span><\/label>\r\n        <\/div>\r\n        <div style=\"text-align:left;\">\r\n                <input style=\"text-align:left; margin:0;\" type=\"text\" id=\"si_contact_subject1\" name=\"si_contact_subject\" value=\"\"  size=\"40\" \/>\r\n        <\/div>\r\n\r\n        <div style=\"text-align:left; padding-top:5px;\">\r\n                <label for=\"si_contact_message1\">Message:<span class=\"required\"> *<\/span><\/label>\r\n        <\/div>\r\n        <div style=\"text-align:left;\">\r\n                <textarea style=\"text-align:left; margin:0;\" id=\"si_contact_message1\" name=\"si_contact_message\"  cols=\"30\" rows=\"10\"><\/textarea>\r\n        <\/div>\r\n\r\n<div style=\"text-align:left; padding-top:5px;\">\r\n <div style=\"width:250px; height:65px; padding-top:5px;\">\r\n    <img class=\"ctf-captcha\" id=\"si_image_ctf1\" style=\"border-style:none; margin:0; padding:0px; padding-right:5px; float:left;\" src=\"http:\/\/michelboetsch.com\/boetsch\/wp-content\/plugins\/si-contact-form\/captcha-secureimage\/securimage_show.php?prefix=tdQB4vV5C4D9BRnE\" alt=\"Image CAPTCHA\" title=\"Image CAPTCHA\" \/>\n    <input id=\"si_code_ctf_1\" type=\"hidden\" name=\"si_code_ctf_1\" value=\"tdQB4vV5C4D9BRnE\" \/>\n    <div id=\"si_audio_ctf1\">\n      <a id=\"si_aud_ctf1\" href=\"http:\/\/michelboetsch.com\/boetsch\/wp-content\/plugins\/si-contact-form\/captcha-secureimage\/securimage_play.php?prefix=tdQB4vV5C4D9BRnE\" rel=\"nofollow\" title=\"CAPTCHA audio\">\r\n      <img src=\"http:\/\/michelboetsch.com\/boetsch\/wp-content\/plugins\/si-contact-form\/captcha-secureimage\/images\/audio_icon.png\" alt=\"CAPTCHA audio\" style=\"border-style:none; margin:0; padding:0px; vertical-align:top;\" onclick=\"this.blur();\" \/><\/a>\r\n     <\/div>\n    <div id=\"si_refresh_ctf1\">\n      <a href=\"#\" rel=\"nofollow\" title=\"Rafra\u00eechir l&#039;image\" onclick=\"si_contact_captcha_refresh('1','wav','\/boetsch\/wp-content\/plugins\/si-contact-form\/captcha-secureimage','http:\/\/michelboetsch.com\/boetsch\/wp-content\/plugins\/si-contact-form\/captcha-secureimage\/securimage_show.php?prefix='); return false;\">\n      <img src=\"http:\/\/michelboetsch.com\/boetsch\/wp-content\/plugins\/si-contact-form\/captcha-secureimage\/images\/refresh.png\" alt=\"Rafra\u00eechir l&#039;image\" style=\"border-style:none; margin:0; padding:0px; vertical-align:bottom;\" onclick=\"this.blur();\" \/><\/a>\r\n   <\/div>\r\n   <\/div>\r\n<\/div>\r\n      <div style=\"text-align:left; padding-top:5px;\">\r\n                <label for=\"si_contact_captcha_code1\">Code CAPTCHA:<span class=\"required\"> *<\/span><\/label>\r\n        <\/div>\r\n        <div style=\"text-align:left;\">\r\n                <input style=\"text-align:left; margin:0;\" type=\"text\" value=\"\" id=\"si_contact_captcha_code1\" name=\"si_contact_captcha_code\"  size=\"6\" \/>\r\n       <\/div>\r\n\n\r\n<div style=\"text-align:left; padding-top:8px;\">\r\n  <input type=\"hidden\" name=\"si_contact_action\" value=\"send\" \/>\r\n  <input type=\"hidden\" name=\"si_contact_form_id\" value=\"1\" \/>\r\n  <input type=\"submit\" style=\"cursor:pointer; margin:0;\" value=\"Envoyer\" \/> <\/div>\r\n\r\n<\/form>\r\n<\/div>\r\n\r\n<p style=\"font-size:x-small; font-weight:normal; padding-top:5px;\">Formulaire g\u00e9n\u00e9r\u00e9 gr\u00e2ce \u00e0 <a href=\"http:\/\/wordpress.org\/extend\/plugins\/si-contact-form\/\">Fast Secure Contact Form<\/a><\/p>\r\n<!-- Fast Secure Contact Form plugin 2.9.8.5 - end - http:\/\/www.FastSecureContactForm.com -->\r\n\n","protected":false},"excerpt":{"rendered":"","protected":false},"author":1,"featured_media":0,"parent":0,"menu_order":0,"comment_status":"open","ping_status":"open","template":"","meta":[],"_links":{"self":[{"href":"http:\/\/michelboetsch.com\/boetsch\/wp-json\/wp\/v2\/pages\/1109"}],"collection":[{"href":"http:\/\/michelboetsch.com\/boetsch\/wp-json\/wp\/v2\/pages"}],"about":[{"href":"http:\/\/michelboetsch.com\/boetsch\/wp-json\/wp\/v2\/types\/page"}],"author":[{"embeddable":true,"href":"http:\/\/michelboetsch.com\/boetsch\/wp-json\/wp\/v2\/users\/1"}],"replies":[{"embeddable":true,"href":"http:\/\/michelboetsch.com\/boetsch\/wp-json\/wp\/v2\/comments?post=1109"}],"version-history":[{"count":2,"href":"http:\/\/michelboetsch.com\/boetsch\/wp-json\/wp\/v2\/pages\/1109\/revisions"}],"predecessor-version":[{"id":1111,"href":"http:\/\/michelboetsch.com\/boetsch\/wp-json\/wp\/v2\/pages\/1109\/revisions\/1111"}],"wp:attachment":[{"href":"http:\/\/michelboetsch.com\/boetsch\/wp-json\/wp\/v2\/media?parent=1109"}],"curies":[{"name":"wp","href":"https:\/\/api.w.org\/{rel}","templated":true}]}}